{"id":2746,"date":"2022-05-26T22:32:09","date_gmt":"2022-05-26T21:32:09","guid":{"rendered":"https:\/\/deluxenails.uk\/?page_id=2746"},"modified":"2022-05-28T00:10:14","modified_gmt":"2022-05-27T23:10:14","slug":"cctv-installation","status":"publish","type":"page","link":"https:\/\/deluxenails.uk\/index.php\/cctv-installation\/","title":{"rendered":"CCTV Installation"},"content":{"rendered":"<div class=\"fusion-fullwidth fullwidth-box fusion-builder-row-1 fusion-flex-container nonhundred-percent-fullwidth non-hundred-percent-height-scrolling\" style=\"--awb-border-radius-top-left:0px;--awb-border-radius-top-right:0px;--awb-border-radius-bottom-right:0px;--awb-border-radius-bottom-left:0px;--awb-padding-right:0px;--awb-padding-left:0px;--awb-flex-wrap:wrap;\" ><div class=\"fusion-builder-row fusion-row fusion-flex-align-items-flex-start fusion-flex-content-wrap\" style=\"max-width:1248px;margin-left: calc(-4% \/ 2 );margin-right: calc(-4% \/ 2 );\"><div class=\"fusion-layout-column fusion_builder_column fusion-builder-column-0 fusion_builder_column_1_1 1_1 fusion-flex-column fusion-animated\" style=\"--awb-bg-size:cover;--awb-width-large:100%;--awb-margin-top-large:0px;--awb-spacing-right-large:1.92%;--awb-margin-bottom-large:20px;--awb-spacing-left-large:1.92%;--awb-width-medium:100%;--awb-spacing-right-medium:1.92%;--awb-spacing-left-medium:1.92%;--awb-width-small:100%;--awb-spacing-right-small:1.92%;--awb-spacing-left-small:1.92%;\" data-animationType=\"fadeInUp\" data-animationDuration=\"1.0\" data-animationOffset=\"top-into-view\"><div class=\"fusion-column-wrapper fusion-column-has-shadow fusion-flex-justify-content-flex-start fusion-content-layout-column\"><div class=\"fusion-title title fusion-title-1 fusion-sep-none fusion-title-text fusion-title-size-three\" style=\"--awb-margin-top:40px;--awb-margin-bottom:30px;--awb-margin-top-small:40px;--awb-margin-right-small:0px;--awb-margin-bottom-small:30px;--awb-margin-left-small:0px;\"><h3 class=\"fusion-title-heading title-heading-left\" style=\"margin:0;\">L\u1eafp \u0110\u1eb7t H\u1ec7 Th\u1ed1ng Camera an ninh CCTV Chuy\u00ean Nghi\u1ec7p Gi\u00e1 T\u1ed1t<\/h3><\/div><div class=\"fusion-image-element \" style=\"text-align:center;--awb-max-width:450px;--awb-caption-title-font-family:var(--h2_typography-font-family);--awb-caption-title-font-weight:var(--h2_typography-font-weight);--awb-caption-title-font-style:var(--h2_typography-font-style);--awb-caption-title-size:var(--h2_typography-font-size);--awb-caption-title-transform:var(--h2_typography-text-transform);--awb-caption-title-line-height:var(--h2_typography-line-height);--awb-caption-title-letter-spacing:var(--h2_typography-letter-spacing);\"><span class=\" fusion-imageframe imageframe-none imageframe-1 hover-type-none\" style=\"border-radius:8px;\"><img decoding=\"async\" width=\"2560\" height=\"2560\" title=\"07748717\" src=\"https:\/\/deluxenails.uk\/wp-content\/uploads\/2022\/05\/07748717-scaled.jpg\" alt class=\"img-responsive wp-image-2764\" srcset=\"https:\/\/deluxenails.uk\/wp-content\/uploads\/2022\/05\/07748717-200x200.jpg 200w, https:\/\/deluxenails.uk\/wp-content\/uploads\/2022\/05\/07748717-400x400.jpg 400w, https:\/\/deluxenails.uk\/wp-content\/uploads\/2022\/05\/07748717-600x600.jpg 600w, https:\/\/deluxenails.uk\/wp-content\/uploads\/2022\/05\/07748717-800x800.jpg 800w, https:\/\/deluxenails.uk\/wp-content\/uploads\/2022\/05\/07748717-1200x1200.jpg 1200w, https:\/\/deluxenails.uk\/wp-content\/uploads\/2022\/05\/07748717-scaled.jpg 2560w\" sizes=\"(max-width: 640px) 100vw, 1200px\" \/><\/span><\/div><div class=\"fusion-text fusion-text-1\" style=\"--awb-text-transform:none;\"><p><span style=\"background-color: rgba(255, 255, 255, 0); color: var(--body_typography-color); font-family: var(--body_typography-font-family); font-size: var(--body_typography-font-size); font-style: var(--body_typography-font-style,normal); font-weight: var(--body_typography-font-weight); letter-spacing: var(--body_typography-letter-spacing);\">D\u1ecbch v\u1ee5 l\u1eafp \u0111\u1eb7t h\u1ec7 th\u1ed1ng CCTV chuy\u00ean nghi\u1ec7p tr\u1ecdn g\u00f3i gi\u00e1 t\u1ed1t nh\u1ea5t th\u1ecb tr\u01b0\u1eddng. C\u00f4ng Ngh\u1ec7 K\u1ef9 Thu\u1eadt S\u1ed1 \u2013 deluxenails l\u00e0 \u0111\u01a1n v\u1ecb uy t\u00edn v\u1edbi h\u01a1n 10 n\u0103m kinh nghi\u1ec7m trong l\u0129nh v\u1ef1c camera quan s\u00e1t. Ch\u00fang t\u00f4i cung c\u1ea5p c\u00e1c s\u1ea3n ph\u1ea9m ch\u00ednh h\u00e3ng, gi\u1ea3i ph\u00e1p \u01b0u vi\u1ec7t, l\u1eafp \u0111\u1eb7t v\u00e0 b\u1ea3o h\u00e0nh t\u1eadn n\u01a1i. Cam k\u1ebft s\u1ebd \u0111em \u0111\u1ebfn d\u1ecbch v\u1ee5 uy t\u00edn ch\u1ea5t l\u01b0\u1ee3ng nh\u1ea5t cho kh\u00e1ch h\u00e0ng.<\/span><\/p>\n<p>V\u1edbi camera h\u1ec7 th\u1ed1ng theo d\u00f5i gi\u00e1m s\u00e1t t\u1eeb xa an to\u00e0n, kh\u00f4ng th\u1ec3 thi\u1ebfu cho c\u00e1c gia \u0111\u00ecnh, doanh nghi\u1ec7p,..<\/p>\n<p>Quy tr\u00ecnh l\u1eafp \u0111\u1eb7t h\u1ec7 th\u1ed1ng camera CCTV chuy\u00ean nghi\u1ec7p<\/p>\n<p>M\u1ed9t \u0111\u01a1n v\u1ecb camera chuy\u00ean nghi\u1ec7p kh\u00f4ng th\u1ec3 thi\u1ebfu \u0111\u01b0\u1ee3c quy tr\u00ecnh l\u1eafp \u0111\u1eb7t b\u00e0i b\u1ea3n. deluxenails \u0111\u01a1n v\u1ecb l\u1eafp \u0111\u1eb7t camera uy t\u00edn t\u1ea1i UK trong th\u1eddi gian ho\u1ea1t \u0111\u1ed9ng, \u0111\u1ea3m b\u1ea3o tu\u00e2n th\u1ee7 theo c\u00e1ch l\u00e0m vi\u1ec7c \u0111\u1ea1t ti\u00eau chu\u1ea9n nh\u1ea5t.<\/p>\n<p>Ti\u1ebfp nh\u1eadn th\u00f4ng tin, t\u01b0 v\u1ea5n s\u1ea3n ph\u1ea9m gi\u1ea3i ph\u00e1p ph\u00f9 h\u1ee3p<br \/>\nB\u1ed1 tr\u00ed h\u1ec7 th\u1ed1ng, b\u00e1o gi\u00e1 thi\u1ebft b\u1ecb camera chi ti\u1ebft<br \/>\nChu\u1ea9n b\u1ecb c\u00e1c thi\u1ebft b\u1ecb, v\u1eadt t\u01b0, \u0111\u1ed3 d\u00f9ng,.. cho c\u00f4ng t\u00e1c thi c\u00f4ng.<br \/>\nTi\u1ebfn h\u00e0nh thi c\u00f4ng: ch\u1ea1y d\u00e2y, b\u1eaft camera, c\u00e0i \u0111\u1eb7t m\u1ea1ng, ch\u1ec9nh h\u00ecnh, l\u00e0m g\u1ecdn h\u1ec7 th\u1ed1ng.<br \/>\nH\u01b0\u1edbng d\u1eabn s\u1eed d\u1ee5ng, b\u00e0n giao thi\u1ebft b\u1ecb \u0111\u00e3 l\u1eafp \u0111\u1eb7t cho kh\u00e1ch h\u00e0ng v\u00e0 thanh to\u00e1n chi ph\u00ed.<br \/>\nT\u1ea5t c\u1ea3 s\u1ebd \u0111\u01b0\u1ee3c k\u1ef9 thu\u1eadt l\u1eafp \u0111\u1eb7t h\u1ec7 th\u1ed1ng CCTV c\u1ee7a deluxenails th\u1ef1c hi\u1ec7n \u0111\u00fang quy tr\u00ecnh. Lu\u00f4n \u0111\u1ea3m b\u1ea3o h\u1ec7 th\u1ed1ng camera c\u1ee7a kh\u00e1ch h\u00e0ng \u0111\u01b0\u1ee3c ho\u1ea1t \u0111\u1ed9ng \u1ed5n \u0111\u1ecbnh.<\/p>\n<\/div><div class=\"awb-gallery-wrapper awb-gallery-wrapper-1 button-span-no\"><div style=\"margin:-5px;--awb-bordersize:0px;\" class=\"fusion-gallery fusion-gallery-container fusion-grid-3 fusion-columns-total-3 fusion-gallery-layout-grid fusion-gallery-1\"><div style=\"padding:5px;\" class=\"fusion-grid-column fusion-gallery-column fusion-gallery-column-3 hover-type-none\"><div class=\"fusion-gallery-image\"><a href=\"https:\/\/deluxenails.uk\/wp-content\/uploads\/2022\/05\/265camera-giam-sat-2.png\" rel=\"noreferrer\" data-rel=\"iLightbox[gallery_image_1]\" class=\"fusion-lightbox\" target=\"_self\"><img decoding=\"async\" src=\"https:\/\/deluxenails.uk\/wp-content\/uploads\/2022\/05\/265camera-giam-sat-2.png\" width=\"800\" height=\"500\" alt=\"\" title=\"265camera-giam-sat-2\" aria-label=\"265camera-giam-sat-2\" class=\"img-responsive wp-image-2878\" srcset=\"https:\/\/deluxenails.uk\/wp-content\/uploads\/2022\/05\/265camera-giam-sat-2-200x125.png 200w, https:\/\/deluxenails.uk\/wp-content\/uploads\/2022\/05\/265camera-giam-sat-2-400x250.png 400w, https:\/\/deluxenails.uk\/wp-content\/uploads\/2022\/05\/265camera-giam-sat-2-600x375.png 600w, https:\/\/deluxenails.uk\/wp-content\/uploads\/2022\/05\/265camera-giam-sat-2.png 800w\" sizes=\"(min-width: 2200px) 100vw, (min-width: 784px) 397px, (min-width: 712px) 595px, (min-width: 640px) 712px, \" \/><\/a><\/div><\/div><div style=\"padding:5px;\" class=\"fusion-grid-column fusion-gallery-column fusion-gallery-column-3 hover-type-none\"><div class=\"fusion-gallery-image\"><a href=\"https:\/\/deluxenails.uk\/wp-content\/uploads\/2022\/05\/thi-cong-lap-dat-he-thong-camera-moi-nhat.jpg\" rel=\"noreferrer\" data-rel=\"iLightbox[gallery_image_1]\" class=\"fusion-lightbox\" target=\"_self\"><img decoding=\"async\" src=\"https:\/\/deluxenails.uk\/wp-content\/uploads\/2022\/05\/thi-cong-lap-dat-he-thong-camera-moi-nhat.jpg\" width=\"740\" height=\"400\" alt=\"\" title=\"thi-cong-lap-dat-he-thong-camera-moi-nhat\" aria-label=\"thi-cong-lap-dat-he-thong-camera-moi-nhat\" class=\"img-responsive wp-image-2881\" srcset=\"https:\/\/deluxenails.uk\/wp-content\/uploads\/2022\/05\/thi-cong-lap-dat-he-thong-camera-moi-nhat-200x108.jpg 200w, https:\/\/deluxenails.uk\/wp-content\/uploads\/2022\/05\/thi-cong-lap-dat-he-thong-camera-moi-nhat-400x216.jpg 400w, https:\/\/deluxenails.uk\/wp-content\/uploads\/2022\/05\/thi-cong-lap-dat-he-thong-camera-moi-nhat-600x324.jpg 600w, https:\/\/deluxenails.uk\/wp-content\/uploads\/2022\/05\/thi-cong-lap-dat-he-thong-camera-moi-nhat.jpg 740w\" sizes=\"(min-width: 2200px) 100vw, (min-width: 784px) 397px, (min-width: 712px) 595px, (min-width: 640px) 712px, \" \/><\/a><\/div><\/div><div style=\"padding:5px;\" class=\"fusion-grid-column fusion-gallery-column fusion-gallery-column-3 hover-type-none\"><div class=\"fusion-gallery-image\"><a href=\"https:\/\/deluxenails.uk\/wp-content\/uploads\/2022\/05\/cau-tao-camera-va-nguyen-ly-hoat-dong-cua-he-thong-cam.jpg\" rel=\"noreferrer\" data-rel=\"iLightbox[gallery_image_1]\" class=\"fusion-lightbox\" target=\"_self\"><img decoding=\"async\" src=\"https:\/\/deluxenails.uk\/wp-content\/uploads\/2022\/05\/cau-tao-camera-va-nguyen-ly-hoat-dong-cua-he-thong-cam.jpg\" width=\"1200\" height=\"523\" alt=\"\" title=\"cau-tao-camera-va-nguyen-ly-hoat-dong-cua-he-thong-cam\" aria-label=\"cau-tao-camera-va-nguyen-ly-hoat-dong-cua-he-thong-cam\" class=\"img-responsive wp-image-2887\" srcset=\"https:\/\/deluxenails.uk\/wp-content\/uploads\/2022\/05\/cau-tao-camera-va-nguyen-ly-hoat-dong-cua-he-thong-cam-200x87.jpg 200w, https:\/\/deluxenails.uk\/wp-content\/uploads\/2022\/05\/cau-tao-camera-va-nguyen-ly-hoat-dong-cua-he-thong-cam-400x174.jpg 400w, https:\/\/deluxenails.uk\/wp-content\/uploads\/2022\/05\/cau-tao-camera-va-nguyen-ly-hoat-dong-cua-he-thong-cam-600x262.jpg 600w, https:\/\/deluxenails.uk\/wp-content\/uploads\/2022\/05\/cau-tao-camera-va-nguyen-ly-hoat-dong-cua-he-thong-cam-800x349.jpg 800w, https:\/\/deluxenails.uk\/wp-content\/uploads\/2022\/05\/cau-tao-camera-va-nguyen-ly-hoat-dong-cua-he-thong-cam.jpg 1200w\" sizes=\"(min-width: 2200px) 100vw, (min-width: 784px) 397px, (min-width: 712px) 595px, (min-width: 640px) 712px, \" \/><\/a><\/div><\/div><div class=\"clearfix\"><\/div><\/div><\/div><\/div><\/div><\/div><\/div>\n","protected":false},"excerpt":{"rendered":"L\u1eafp \u0110\u1eb7t H\u1ec7 Th\u1ed1ng Camera an ninh CCTV Chuy\u00ean Nghi\u1ec7p  [...]","protected":false},"author":1,"featured_media":0,"parent":0,"menu_order":0,"comment_status":"closed","ping_status":"closed","template":"","meta":{"ngg_post_thumbnail":0,"footnotes":""},"class_list":["post-2746","page","type-page","status-publish","hentry"],"_links":{"self":[{"href":"https:\/\/deluxenails.uk\/index.php\/wp-json\/wp\/v2\/pages\/2746","targetHints":{"allow":["GET"]}}],"collection":[{"href":"https:\/\/deluxenails.uk\/index.php\/wp-json\/wp\/v2\/pages"}],"about":[{"href":"https:\/\/deluxenails.uk\/index.php\/wp-json\/wp\/v2\/types\/page"}],"author":[{"embeddable":true,"href":"https:\/\/deluxenails.uk\/index.php\/wp-json\/wp\/v2\/users\/1"}],"replies":[{"embeddable":true,"href":"https:\/\/deluxenails.uk\/index.php\/wp-json\/wp\/v2\/comments?post=2746"}],"version-history":[{"count":6,"href":"https:\/\/deluxenails.uk\/index.php\/wp-json\/wp\/v2\/pages\/2746\/revisions"}],"predecessor-version":[{"id":2932,"href":"https:\/\/deluxenails.uk\/index.php\/wp-json\/wp\/v2\/pages\/2746\/revisions\/2932"}],"wp:attachment":[{"href":"https:\/\/deluxenails.uk\/index.php\/wp-json\/wp\/v2\/media?parent=2746"}],"curies":[{"name":"wp","href":"https:\/\/api.w.org\/{rel}","templated":true}]}}